{"id":4771,"date":"2024-08-19T11:42:35","date_gmt":"2024-08-19T09:42:35","guid":{"rendered":"https:\/\/staging.heemskerkfresh.com\/over-heemskerk\/"},"modified":"2024-11-27T16:33:06","modified_gmt":"2024-11-27T15:33:06","slug":"uber-heemskerk","status":"publish","type":"page","link":"https:\/\/staging.heemskerkfresh.com\/de\/uber-heemskerk\/","title":{"rendered":"\u00dcber Heemskerk"},"content":{"rendered":"<section class=\"section__wrapper background-green pb-0 pt-0 doorlink-sectie\">\n  <div class=\"section__container\">\n    <div class=\"row reverse middle-xs\">\n      <div class=\"col-xs-12 col-md-6 pt-6 pb-6\">\n        <h2 class=\"heading-big\">\n          <strong>Geschichte<\/strong> seit 1960\n        <\/h2>\n        <p class=\"intro w-38 mb-3 mt-6\">\n          Dank unserer unternehmerischen St\u00e4rke haben wir uns von einem bescheidenen Familienunternehmen zu einem f\u00fchrenden Anbieter auf dem Markt f\u00fcr frische Convenience-Produkte entwickelt. Unsere Leidenschaft f\u00fcr frische Produkte und Innovation hat uns \u00fcber die Jahre geleitet. Mit Stolz haben wir unser Know-how und unsere Kapazit\u00e4ten erweitert, sind aber unseren Grundwerten und unserer Familienkultur treu geblieben. Gemeinsam streben wir nach einer gesunden und schmackhaften Zukunft!\n        <\/p>\n              <\/div>\n      <div class=\"col-xs-12 col-md-6\">\n        <div class=\"image-container full-height bleed-right\">\n                      <img decoding=\"async\" src=\"https:\/\/staging.heemskerkfresh.com\/wp-content\/uploads\/2024\/08\/heemskerk-geschiedenis.webp\" alt=\"\">\n                  <\/div>\n      <\/div>\n    <\/div>\n  <\/div>\n<\/section>\n\n<section class=\"section__wrapper background-beige divider-top pt-3\">\n  <div class=\"section__container blocks__container\">\n<div class=\"row align-center\">\n  <div class=\"col-xs-12 col-md-5 mb-sm-max-3\">\n    <h2 class=\"mb-2\">\n      <strong>Familienbetrieb<\/strong>\n    <\/h2>\n    <p>Bei Heemskerk arbeiten rund 1.200 stolze Spezialisten. In unserem Familienbetrieb in Rijnsburg produzieren und liefern wir t\u00e4glich rund 500.000 frische Produkte, die auf 65 Jahren Leidenschaft, Fachwissen und handwerklichem K\u00f6nnen in Kombination mit fortschrittlichen Techniken basieren. Eine unserer neuesten Produktgruppen sind unsere Frischwarenverpackungen, eine schnell wachsende Kategorie, die ganz auf Inspiration und Komfort ausgerichtet ist.<\/p>\n\n  <\/div>\n  <div class=\"col-xs-12 col-md-6 col-md-offset-1\">\n    <div class=\"row statistic-wrapper\">\n                <div class=\"statistic-item\">\n            <div class=\"boxed-content background-white\">\n              <h3 class=\"mb-1\"><strong>3.500.000<\/strong><\/h3>\n              <p>So viel Verpackung liefern wir jede Woche an bekannte Superm\u00e4rkte in ganz Europa<\/p>\n            <\/div>\n          <\/div>\n                <div class=\"statistic-item\">\n            <div class=\"boxed-content background-white\">\n              <h3 class=\"mb-1\"><strong>500.000<\/strong><\/h3>\n              <p>Wir liefern t\u00e4glich eine Vielzahl von Artikeln an Superm\u00e4rkte, Lebensmitteldienste und Partner in ganz Europa.<\/p>\n            <\/div>\n          <\/div>\n                <div class=\"statistic-item\">\n            <div class=\"boxed-content background-white\">\n              <h3 class=\"mb-1\"><strong>1.200<\/strong><\/h3>\n              <p>Dies kann nur mit einem wunderbaren Team von bis zu 1.200 stolzen Mitarbeitern gelingen.<\/p>\n            <\/div>\n          <\/div>\n                <div class=\"statistic-item\">\n            <div class=\"boxed-content background-white\">\n              <h3 class=\"mb-1\"><strong>65<\/strong><\/h3>\n              <p>Nein, nicht im Ruhestand, aber Jahre voller Leidenschaft, frischem Unternehmertum und einer Portion Gem\u00fcseh\u00e4ndler-Know-how.<\/p>\n            <\/div>\n          <\/div>\n          <\/div>\n  <\/div>\n<\/div>\n\n<div class=\"row\">\n        <div class=\"col-xs-12 col-sm-6 col-md-4 mb-3\">\n      <div class=\"ackground-white\">\n                <img decoding=\"async\" class=\"mb-3\" src=\"https:\/\/staging.heemskerkfresh.com\/wp-content\/uploads\/2024\/08\/icon-gezond.svg\" alt=\"\" style=\"max-height: 60px\">\n                <h4 class=\"mb-1\">Gesund, gew\u00f6hnlich, besser<\/h4>\n        <div class=\"w-33\">\n          <p>Heemskerk bietet seinen Kunden frische Produkte auf pflanzlicher Basis. F\u00fcr jeden Moment des Tages. Unsere Mission ist es, mit unseren Produkten die Welt ges\u00fcnder, fitter und fr\u00f6hlicher zu machen. Wer sich gesund ern\u00e4hrt, f\u00fchlt sich oft auch einfach besser.<\/p>\n\n        <\/div>\n      <\/div>\n    <\/div>\n      <div class=\"col-xs-12 col-sm-6 col-md-4 mb-3\">\n      <div class=\"ackground-white\">\n                <img decoding=\"async\" class=\"mb-3\" src=\"https:\/\/staging.heemskerkfresh.com\/wp-content\/uploads\/2024\/08\/heemskerk-innovatie-icon.svg\" alt=\"\" style=\"max-height: 60px\">\n                <h4 class=\"mb-1\">Frisch auch bei Innovationen<\/h4>\n        <div class=\"w-33\">\n          <p>Um dieses Ziel zu erreichen, setzen wir auf Innovation. Unsere Konzepte, Prozesse, Produkte und Mitarbeiter werden immer intelligenter und besser. Wir tun dies in enger Zusammenarbeit mit unseren Kunden, strategischen Partnern und Mitarbeitern. Nat\u00fcrlich auf verantwortungsvolle und nachhaltige Weise.<\/p>\n\n        <\/div>\n      <\/div>\n    <\/div>\n      <div class=\"col-xs-12 col-sm-6 col-md-4 mb-3\">\n      <div class=\"ackground-white\">\n                <img decoding=\"async\" class=\"mb-3\" src=\"https:\/\/staging.heemskerkfresh.com\/wp-content\/uploads\/2024\/08\/heemskerk-team-fresh-icon.svg\" alt=\"\" style=\"max-height: 60px\">\n                <h4 class=\"mb-1\">Das gr\u00fcne Gold<\/h4>\n        <div class=\"w-33\">\n          <p>Bei Heemskerk arbeiten rund 1.200 stolze Spezialisten. Gemeinsam liefern wir jede Woche etwa 3,2 Millionen frische Produkte an bekannte Supermarktketten und Fastfood-Restaurants im In- und Ausland.<\/p>\n\n        <\/div>\n      <\/div>\n    <\/div>\n  <\/div>\n\n<div class=\"row section__images\">\n            <div class=\"col-xs-12 col-md-4 section__images-first\">\n                <div class=\"image-container mb-3\">\n        <img decoding=\"async\" src=\"https:\/\/staging.heemskerkfresh.com\/wp-content\/uploads\/2024\/08\/heemskerk-groente-rijnsburg-algemeen-17-e1725629166142.webp\">\n      <\/div>\n                                <div class=\"image-container mb-3\">\n        <img decoding=\"async\" src=\"https:\/\/staging.heemskerkfresh.com\/wp-content\/uploads\/2024\/11\/JEL_4497-BW-scaled.jpg\">\n      <\/div>\n                <\/div>\n                        <div class=\"col-xs-12 col-md-8 section__images-last\">\n            <div class=\"image-container mb-3\">\n        <img decoding=\"async\" src=\"https:\/\/staging.heemskerkfresh.com\/wp-content\/uploads\/2024\/11\/JEL_9565-scaled.jpg\">\n      <\/div>\n                    <\/div>\n      <\/div>\n\n<\/div>\n<\/section>\n\n<section class=\"section__wrapper background-none pt-4 pb-4 video-wrapper\">\n  <div class=\"section__container\">\n    <div class=\"row\">\n            <div id=\"player\" data-plyr-provider=\"vimeo\" data-plyr-embed-id=\"1029563808?share=copy#t=0\"><\/div> \n    <\/div>\n  <\/div>\n<\/section>\n\n<section class=\"section__wrapper background-green-dark pb-0 pt-0 doorlink-sectie\">\n  <div class=\"section__container\">\n    <div class=\"row reverse middle-xs\">\n      <div class=\"col-xs-12 col-md-6 pt-6 pb-6\">\n        <h2 class=\"heading-big\">\n          <strong>F\u00fcr Verbraucher<\/strong> in ganz Europa\n        <\/h2>\n        <p class=\"intro w-38 mb-3 mt-6\">\n          Heemskerk bringt frische Obst- und Gem\u00fcseprodukte f\u00fcr jeden Moment des Tages! Unsere Mission? Die Welt ges\u00fcnder, fitter und vor allem lustiger zu machen. Denn wer sich gesund ern\u00e4hrt, f\u00fchlt sich einfach besser!\n        <\/p>\n                <a class=\"btn--primary btn--medium\" href=\"https:\/\/staging.heemskerkfresh.com\/de\/assortiment\/\" target=\"_self\">\n        <span>Sehen Sie hier alle unsere Produkte<\/span>\n        <\/a>\n              <\/div>\n      <div class=\"col-xs-12 col-md-6\">\n        <div class=\"image-container full-height bleed-right\">\n                      <img decoding=\"async\" src=\"https:\/\/staging.heemskerkfresh.com\/wp-content\/uploads\/2024\/08\/heemskerk-gezond-vrouw.webp\" alt=\"\">\n                  <\/div>\n      <\/div>\n    <\/div>\n  <\/div>\n<\/section>\n\n\n<p><\/p>\n","protected":false},"excerpt":{"rendered":"","protected":false},"author":2,"featured_media":0,"parent":0,"menu_order":0,"comment_status":"closed","ping_status":"closed","template":"","meta":{"_acf_changed":false,"_seopress_robots_primary_cat":"","_seopress_titles_title":"","_seopress_titles_desc":"","_seopress_robots_index":"","inline_featured_image":false,"footnotes":""},"class_list":["post-4771","page","type-page","status-publish","hentry"],"acf":[],"_links":{"self":[{"href":"https:\/\/staging.heemskerkfresh.com\/de\/wp-json\/wp\/v2\/pages\/4771","targetHints":{"allow":["GET"]}}],"collection":[{"href":"https:\/\/staging.heemskerkfresh.com\/de\/wp-json\/wp\/v2\/pages"}],"about":[{"href":"https:\/\/staging.heemskerkfresh.com\/de\/wp-json\/wp\/v2\/types\/page"}],"author":[{"embeddable":true,"href":"https:\/\/staging.heemskerkfresh.com\/de\/wp-json\/wp\/v2\/users\/2"}],"replies":[{"embeddable":true,"href":"https:\/\/staging.heemskerkfresh.com\/de\/wp-json\/wp\/v2\/comments?post=4771"}],"version-history":[{"count":0,"href":"https:\/\/staging.heemskerkfresh.com\/de\/wp-json\/wp\/v2\/pages\/4771\/revisions"}],"wp:attachment":[{"href":"https:\/\/staging.heemskerkfresh.com\/de\/wp-json\/wp\/v2\/media?parent=4771"}],"curies":[{"name":"wp","href":"https:\/\/api.w.org\/{rel}","templated":true}]}}